{"id":3739,"date":"2021-09-01T12:05:46","date_gmt":"2021-09-01T12:05:46","guid":{"rendered":"https:\/\/olivierpalatre.com\/politique-de-confidentialite\/"},"modified":"2021-09-01T12:05:51","modified_gmt":"2021-09-01T12:05:51","slug":"politique-de-confidentialite","status":"publish","type":"page","link":"https:\/\/olivierpalatre.com\/en\/politique-de-confidentialite\/","title":{"rendered":"Politique de confidentialit\u00e9"},"content":{"rendered":"\n[et_pb_section fb_built=&#8221;1&#8243; admin_label=&#8221;section&#8221; _builder_version=&#8221;3.22&#8243; global_colors_info=&#8221;{}&#8221;][et_pb_row admin_label=&#8221;row&#8221; _builder_version=&#8221;3.25&#8243; background_size=&#8221;initial&#8221; background_position=&#8221;top_left&#8221; background_repeat=&#8221;repeat&#8221; global_colors_info=&#8221;{}&#8221;][et_pb_column type=&#8221;4_4&#8243; _builder_version=&#8221;3.25&#8243; custom_padding=&#8221;|||&#8221; global_colors_info=&#8221;{}&#8221; custom_padding__hover=&#8221;|||&#8221;][et_pb_text admin_label=&#8221;Text&#8221; _builder_version=&#8221;4.10.4&#8243; background_size=&#8221;initial&#8221; background_position=&#8221;top_left&#8221; background_repeat=&#8221;repeat&#8221; hover_enabled=&#8221;0&#8243; global_colors_info=&#8221;{}&#8221; sticky_enabled=&#8221;0&#8243;]<p>DONN\u00c9ES PERSONNELLES<\/p>\n<h3>D\u00e9finitions<\/h3>\n<p><strong>L&#8217;\u00c9diteur :<\/strong> La personne, physique ou morale, qui \u00e9dite les services de communication au public en ligne.<br><strong>Le Site :<\/strong> L&#8217;ensemble des sites, pages Internet et services en ligne propos\u00e9s par l&#8217;\u00c9diteur.<br><strong>L&#8217;Utilisateur :<\/strong> La personne utilisant le Site et les services.<\/p>\n<h2>1- Nature des donn\u00e9es collect\u00e9es<\/h2>\n<p><strong>Dans le cadre de l&#8217;utilisation des Sites, l&#8217;\u00c9diteur est susceptible de collecter les cat\u00e9gories de donn\u00e9es<\/strong><br><strong>suivantes concernant ses Utilisateurs :<\/strong><\/p>\n<p>Donn\u00e9es d&#8217;\u00e9tat-civil, d&#8217;identit\u00e9, d&#8217;identification&#8230;<br>Donn\u00e9es de connexion (adresses IP, journaux d&#8217;\u00e9v\u00e9nements&#8230;)<\/p>\n<h2>2- Communication des donn\u00e9es personnelles \u00e0 des tiers<\/h2>\n<p><strong>Pas de communication \u00e0 des tiers<\/strong><\/p>\n<p>Vos donn\u00e9es ne font l&#8217;objet d&#8217;aucune communication \u00e0 des tiers. Vous \u00eates toutefois inform\u00e9s qu&#8217;elles pourront<br>\u00eatre divulgu\u00e9es en application d&#8217;une loi, d&#8217;un r\u00e8glement ou en vertu d&#8217;une d\u00e9cision d&#8217;une autorit\u00e9 r\u00e9glementaire<br>ou judiciaire comp\u00e9tente.<\/p>\n<h3>3- Information pr\u00e9alable pour la communication des donn\u00e9es personnelles \u00e0 des tiers en cas de fusion \/ absorption<\/h3>\n<p><strong>Information pr\u00e9alable et possibilit\u00e9 d\u2019opt-out avant et apr\u00e8s la fusion \/ acquisition<\/strong><\/p>\n<p>Dans le cas o\u00f9 nous prendrions part \u00e0 une op\u00e9ration de fusion, d\u2019acquisition ou \u00e0 toute autre forme de cession<br>d\u2019actifs, nous nous engageons \u00e0 garantir la confidentialit\u00e9 de vos donn\u00e9es personnelles et \u00e0 vous informer avant<br>que celles-ci ne soient transf\u00e9r\u00e9es ou soumises \u00e0 de nouvelles r\u00e8gles de confidentialit\u00e9.<\/p>\n<h2>4- Agr\u00e9gation des donn\u00e9es<\/h2>\n<p><strong>Agr\u00e9gation avec des donn\u00e9es non personnelles<\/strong><\/p>\n<p>Nous pouvons publier, divulguer et utiliser les informations agr\u00e9g\u00e9es (informations relatives \u00e0 tous nos<br>Utilisateurs ou \u00e0 des groupes ou cat\u00e9gories sp\u00e9cifiques d&#8217;Utilisateurs que nous combinons de mani\u00e8re \u00e0 ce qu&#8217;un<br>Utilisateur individuel ne puisse plus \u00eatre identifi\u00e9 ou mentionn\u00e9) et les informations non personnelles \u00e0 des fins<br>d&#8217;analyse du secteur et du march\u00e9, de profilage d\u00e9mographique, \u00e0 des fins promotionnelles et publicitaires et \u00e0<br>d&#8217;autres fins commerciales.<\/p>\n<p><strong>Agr\u00e9gation avec des donn\u00e9es personnelles disponibles sur les comptes sociaux de l&#8217;Utilisateur<\/strong><\/p>\n<p>Si vous connectez votre compte \u00e0 un compte d\u2019un autre service afin de faire des envois crois\u00e9s, ledit service<br>pourra nous communiquer vos informations de profil, de connexion, ainsi que toute autre information dont vous<br>avez autoris\u00e9 la divulgation. Nous pouvons agr\u00e9ger les informations relatives \u00e0 tous nos autres Utilisateurs,<br>groupes, comptes, aux donn\u00e9es personnelles disponibles sur l\u2019Utilisateur.<\/p>\n<h2>5- Collecte des donn\u00e9es d&#8217;identit\u00e9<\/h2>\n<p><strong>Consultation libre<\/strong><\/p>\n<p>La consultation du Site ne n\u00e9cessite pas d&#8217;inscription ni d&#8217;identification pr\u00e9alable. Elle peut s&#8217;effectuer sans que<br>vous ne communiquiez de donn\u00e9es nominatives vous concernant (nom, pr\u00e9nom, adresse, etc). Nous ne<br>proc\u00e9dons \u00e0 aucun enregistrement de donn\u00e9es nominatives pour la simple consultation du Site.<\/p>\n<h2>6- Collecte des donn\u00e9es d&#8217;identification<\/h2>\n<p><strong>Utilisation de l&#8217;identifiant de l\u2019utilisateur uniquement pour l\u2019acc\u00e8s aux services<\/strong><\/p>\n<p>Nous utilisons vos identifiants \u00e9lectroniques seulement pour et pendant l&#8217;ex\u00e9cution du contrat.<\/p>\n<h2>7- Collecte des donn\u00e9es du terminal<\/h2>\n<p><strong>Aucune collecte des donn\u00e9es techniques<\/strong><\/p>\n<p>Nous ne collectons et ne conservons aucune donn\u00e9e technique de votre appareil (adresse IP, fournisseur<br>d&#8217;acc\u00e8s \u00e0 Internet&#8230;).<\/p>\n<h2>8- Cookies<\/h2>\n<p><strong>Dur\u00e9e de conservation des cookies<\/strong><\/p>\n<p>Conform\u00e9ment aux recommandations de la CNIL, la dur\u00e9e maximale de conservation des cookies est de 13 mois<br>au maximum apr\u00e8s leur premier d\u00e9p\u00f4t dans le terminal de l&#8217;Utilisateur, tout comme la dur\u00e9e de la validit\u00e9 du<br>consentement de l\u2019Utilisateur \u00e0 l\u2019utilisation de ces cookies. La dur\u00e9e de vie des cookies n\u2019est pas prolong\u00e9e \u00e0<br>chaque visite. Le consentement de l\u2019Utilisateur devra donc \u00eatre renouvel\u00e9 \u00e0 l&#8217;issue de ce d\u00e9lai.<\/p>\n<p><strong>Finalit\u00e9 cookies<\/strong><\/p>\n<p>Les cookies peuvent \u00eatre utilis\u00e9s pour des fins statistiques notamment pour optimiser les services rendus \u00e0<br>l&#8217;Utilisateur, \u00e0 partir du traitement des informations concernant la fr\u00e9quence d&#8217;acc\u00e8s, la personnalisation des<br>pages ainsi que les op\u00e9rations r\u00e9alis\u00e9es et les informations consult\u00e9es.<br>Vous \u00eates inform\u00e9 que l&#8217;\u00c9diteur est susceptible de d\u00e9poser des cookies sur votre terminal. Le cookie enregistre<br>des informations relatives \u00e0 la navigation sur le service (les pages que vous avez consult\u00e9es, la date et l&#8217;heure<br>de la consultation&#8230;) que nous pourrons lire lors de vos visites ult\u00e9rieures.<\/p>\n<p><strong>Droit de l&#8217;Utilisateur de refuser les cookies<\/strong><\/p>\n<p>Vous reconnaissez avoir \u00e9t\u00e9 inform\u00e9 que l&#8217;\u00c9diteur peut avoir recours \u00e0 des cookies. Si vous ne souhaitez pas<br>que des cookies soient utilis\u00e9s sur votre terminal, la plupart des navigateurs vous permettent de d\u00e9sactiver les<br>cookies en passant par les options de r\u00e9glage.<\/p>\n<h2>9 &#8211; Conservation des donn\u00e9es techniques<\/h2>\n<p><strong>Dur\u00e9e de conservation des donn\u00e9es techniques<\/strong><\/p>\n<p>Les donn\u00e9es techniques sont conserv\u00e9es pour la dur\u00e9e strictement n\u00e9cessaire \u00e0 la r\u00e9alisation des finalit\u00e9s<br>vis\u00e9es ci-avant.<\/p>\n<h2>10- D\u00e9lai de conservation des donn\u00e9es personnelles et d&#8217;anonymisation<\/h2>\n<p><strong>Conservation des donn\u00e9es pendant la dur\u00e9e de la relation contractuelle<\/strong><\/p>\n<p>Conform\u00e9ment \u00e0 l&#8217;article 6-5\u00b0 de la loi n\u00b078-17 du 6 janvier 1978 relative \u00e0 l&#8217;informatique, aux fichiers et aux<br>libert\u00e9s, les donn\u00e9es \u00e0 caract\u00e8re personnel faisant l&#8217;objet d&#8217;un traitement ne sont pas conserv\u00e9es au-del\u00e0 du<br>temps n\u00e9cessaire \u00e0 l&#8217;ex\u00e9cution des obligations d\u00e9finies lors de la conclusion du contrat ou de la dur\u00e9e pr\u00e9d\u00e9finie<br>de la relation contractuelle.<\/p>\n<p><strong>Conservation des donn\u00e9es anonymis\u00e9es au del\u00e0 de la relation contractuelle<\/strong><\/p>\n<p>Nous conservons les donn\u00e9es personnelles pour la dur\u00e9e strictement n\u00e9cessaire \u00e0 la r\u00e9alisation des finalit\u00e9s<br>d\u00e9crites dans les pr\u00e9sentes Politiques de confidentialit\u00e9. Au-del\u00e0 de cette dur\u00e9e, elles seront anonymis\u00e9es et<br>conserv\u00e9es \u00e0 des fins exclusivement statistiques et ne donneront lieu \u00e0 aucune exploitation, de quelque nature<br>que ce soit.<\/p>\n<h2>11- Indications en cas de faille de s\u00e9curit\u00e9 d\u00e9cel\u00e9e par l&#8217;\u00c9diteur<\/h2>\n<p><strong>Information de l&#8217;Utilisateur en cas de faille de s\u00e9curit\u00e9<\/strong><\/p>\n<p>Nous nous engageons \u00e0 mettre en oeuvre toutes les mesures techniques et organisationnelles appropri\u00e9es afin<br>de garantir un niveau de s\u00e9curit\u00e9 adapt\u00e9 au regard des risques d&#8217;acc\u00e8s accidentels, non autoris\u00e9s ou ill\u00e9gaux, de<br>divulgation, d&#8217;alt\u00e9ration, de perte ou encore de destruction des donn\u00e9es personnelles vous concernant. Dans<br>l&#8217;\u00e9ventualit\u00e9 o\u00f9 nous prendrions connaissance d&#8217;un acc\u00e8s ill\u00e9gal aux donn\u00e9es personnelles vous concernant<br>stock\u00e9es sur nos serveurs ou ceux de nos prestataires, ou d&#8217;un acc\u00e8s non autoris\u00e9 ayant pour cons\u00e9quence la<br>r\u00e9alisation des risques identifi\u00e9s ci-dessus, nous nous engageons \u00e0 :<\/p>\n<ul>\n<li>Vous notifier l&#8217;incident dans les plus brefs d\u00e9lais ;<\/li>\n<li>Examiner les causes de l&#8217;incident et vous en informer ;<\/li>\n<li>Prendre les mesures n\u00e9cessaires dans la limite du raisonnable afin d&#8217;amoindrir les effets n\u00e9gatifs et pr\u00e9judices<br>pouvant r\u00e9sulter dudit incident.<\/li>\n<\/ul>\n<p><strong>Limitation de la responsabilit\u00e9<\/strong><\/p>\n<p>En aucun cas les engagements d\u00e9finis au point ci-dessus relatifs \u00e0 la notification en cas de faille de s\u00e9curit\u00e9 ne<br>peuvent \u00eatre assimil\u00e9s \u00e0 une quelconque reconnaissance de faute ou de responsabilit\u00e9 quant \u00e0 la survenance de<br>l&#8217;incident en question.<\/p>\n<h2>12- Transfert des donn\u00e9es personnelles \u00e0 l&#8217;\u00e9tranger<\/h2>\n<p><strong>Pas de transfert en dehors de l&#8217;Union europ\u00e9enne<\/strong><\/p>\n<p>L&#8217;\u00c9diteur s&#8217;engage \u00e0 ne pas transf\u00e9rer les donn\u00e9es personnelles de ses Utilisateurs en dehors de l&#8217;Union<br>europ\u00e9enne.<\/p>\n<h2>13- Modification de la politique de confidentialit\u00e9<\/h2>\n<p><strong>En cas de modification de la pr\u00e9sente Politique de Confidentialit\u00e9, engagement de ne pas baisser le<\/strong><br><strong>niveau de confidentialit\u00e9 de mani\u00e8re substantielle sans l&#8217;information pr\u00e9alable des personnes<\/strong><br><strong>concern\u00e9es<\/strong><\/p>\n<p>Nous nous engageons \u00e0 vous informer en cas de modification substantielle de la pr\u00e9sente Politique de<br>Confidentialit\u00e9, et \u00e0 ne pas baisser le niveau de confidentialit\u00e9 de vos donn\u00e9es de mani\u00e8re substantielle sans<br>vous en informer et obtenir votre consentement.<\/p>\n<h2>14- Droit applicable et modalit\u00e9s de recours<\/h2>\n<p><strong>Application du droit fran\u00e7ais (l\u00e9gislation CNIL) et comp\u00e9tence des tribunaux<\/strong><\/p>\n<p>La pr\u00e9sente Politique de Confidentialit\u00e9 et votre utilisation du Site sont r\u00e9gies et interpr\u00e9t\u00e9es conform\u00e9ment aux<br>lois de France, et notamment \u00e0 la Loi n\u00b0 78-17 du 6 janvier 1978 relative \u00e0 l&#8217;informatique, aux fichiers et aux<br>libert\u00e9s. Le choix de la loi applicable ne porte pas atteinte \u00e0 vos droits en tant que consommateur conform\u00e9ment<br>\u00e0 la loi applicable de votre lieu de r\u00e9sidence. Si vous \u00eates un consommateur, vous et nous acceptons de se<br>soumettre \u00e0 la comp\u00e9tence non-exclusive des juridictions fran\u00e7aises, ce qui signifie que vous pouvez engager<br>une action relative \u00e0 la pr\u00e9sente Politique de Confidentialit\u00e9 en France ou dans le pays de l&#8217;UE dans lequel vous<br>vivez. Si vous \u00eates un professionnel, toutes les actions \u00e0 notre encontre doivent \u00eatre engag\u00e9es devant une<br>juridiction en France.<\/p>\n<p>En cas de litige, les parties chercheront une solution amiable avant toute action judiciaire. En cas d&#8217;\u00e9chec de ces<br>tentatives, toutes contestations \u00e0 la validit\u00e9, l&#8217;interpr\u00e9tation et \/ ou l&#8217;ex\u00e9cution de la Politique de Confidentialit\u00e9<br>devront \u00eatre port\u00e9es m\u00eame en cas de pluralit\u00e9 des d\u00e9fendeurs ou d&#8217;appel en garantie, devant les tribunaux<br>fran\u00e7ais.<\/p>\n<h2>15- Portabilit\u00e9 des donn\u00e9es<\/h2>\n<p><strong>Portabilit\u00e9 des donn\u00e9es<\/strong><\/p>\n<p>L&#8217;\u00c9diteur s&#8217;engage \u00e0 vous offrir la possibilit\u00e9 de vous faire restituer l&#8217;ensemble des donn\u00e9es vous<br>concernant sur simple demande. L&#8217;Utilisateur se voit ainsi garantir une meilleure ma\u00eetrise de ses<br>donn\u00e9es, et garde la possibilit\u00e9 de les r\u00e9utiliser. Ces donn\u00e9es devront \u00eatre fournies dans un format<br>ouvert et ais\u00e9ment r\u00e9utilisable.<\/p>[\/et_pb_text][\/et_pb_column][\/et_pb_row][\/et_pb_section]\n","protected":false},"excerpt":{"rendered":"<p>DONN\u00c9ES PERSONNELLES D\u00e9finitions L&#8217;\u00c9diteur : La personne, physique ou morale, qui \u00e9dite les services de communication au public en ligne.Le Site : L&#8217;ensemble des sites, pages Internet et services en ligne propos\u00e9s par l&#8217;\u00c9diteur.L&#8217;Utilisateur : La personne utilisant le Site et les services. 1- Nature des donn\u00e9es collect\u00e9es Dans le cadre de l&#8217;utilisation des Sites, [&hellip;]<\/p>\n","protected":false},"author":1,"featured_media":0,"parent":0,"menu_order":0,"comment_status":"closed","ping_status":"closed","template":"","meta":{"_et_pb_use_builder":"on","_et_pb_old_content":"","_et_gb_content_width":"","footnotes":""},"class_list":["post-3739","page","type-page","status-publish","hentry"],"yoast_head":"<title>Politique de confidentialit\u00e9 - Olivier Palatre Architecte<\/title>\n<meta name=\"robots\" content=\"noindex, follow\" \/>\n<meta property=\"og:locale\" content=\"en_US\" \/>\n<meta property=\"og:type\" content=\"article\" \/>\n<meta property=\"og:title\" content=\"Politique de confidentialit\u00e9 - Olivier Palatre Architecte\" \/>\n<meta property=\"og:description\" content=\"DONN\u00c9ES PERSONNELLES D\u00e9finitions L&#039;\u00c9diteur : La personne, physique ou morale, qui \u00e9dite les services de communication au public en ligne.Le Site : L&#039;ensemble des sites, pages Internet et services en ligne propos\u00e9s par l&#039;\u00c9diteur.L&#039;Utilisateur : La personne utilisant le Site et les services. 1- Nature des donn\u00e9es collect\u00e9es Dans le cadre de l&#039;utilisation des Sites, [&hellip;]\" \/>\n<meta property=\"og:url\" content=\"https:\/\/olivierpalatre.com\/en\/politique-de-confidentialite\/\" \/>\n<meta property=\"og:site_name\" content=\"Olivier Palatre Architecte\" \/>\n<meta property=\"article:publisher\" content=\"https:\/\/www.facebook.com\/Olivier-Palatre-Architectes-300975431028\" \/>\n<meta property=\"article:modified_time\" content=\"2021-09-01T12:05:51+00:00\" \/>\n<meta property=\"og:image\" content=\"https:\/\/olivierpalatre.com\/wp-content\/uploads\/2021\/07\/olivier-palatre-architecte-v3.jpg\" \/>\n\t<meta property=\"og:image:width\" content=\"1920\" \/>\n\t<meta property=\"og:image:height\" content=\"1080\" \/>\n\t<meta property=\"og:image:type\" content=\"image\/jpeg\" \/>\n<meta name=\"twitter:card\" content=\"summary_large_image\" \/>\n<meta name=\"twitter:site\" content=\"@olivierpalatre\" \/>\n<meta name=\"twitter:label1\" content=\"Est. reading time\" \/>\n\t<meta name=\"twitter:data1\" content=\"8 minutes\" \/>\n<script type=\"application\/ld+json\" class=\"yoast-schema-graph\">{\"@context\":\"https:\/\/schema.org\",\"@graph\":[{\"@type\":\"WebPage\",\"@id\":\"https:\/\/olivierpalatre.com\/en\/politique-de-confidentialite\/\",\"url\":\"https:\/\/olivierpalatre.com\/en\/politique-de-confidentialite\/\",\"name\":\"Politique de confidentialit\u00e9 - Olivier Palatre Architecte\",\"isPartOf\":{\"@id\":\"https:\/\/olivierpalatre.com\/#website\"},\"datePublished\":\"2021-09-01T12:05:46+00:00\",\"dateModified\":\"2021-09-01T12:05:51+00:00\",\"breadcrumb\":{\"@id\":\"https:\/\/olivierpalatre.com\/en\/politique-de-confidentialite\/#breadcrumb\"},\"inLanguage\":\"en-US\",\"potentialAction\":[{\"@type\":\"ReadAction\",\"target\":[\"https:\/\/olivierpalatre.com\/en\/politique-de-confidentialite\/\"]}]},{\"@type\":\"BreadcrumbList\",\"@id\":\"https:\/\/olivierpalatre.com\/en\/politique-de-confidentialite\/#breadcrumb\",\"itemListElement\":[{\"@type\":\"ListItem\",\"position\":1,\"name\":\"Accueil\",\"item\":\"https:\/\/olivierpalatre.com\/en\/\"},{\"@type\":\"ListItem\",\"position\":2,\"name\":\"Politique de confidentialit\u00e9\"}]},{\"@type\":\"WebSite\",\"@id\":\"https:\/\/olivierpalatre.com\/#website\",\"url\":\"https:\/\/olivierpalatre.com\/\",\"name\":\"Olivier Palatre Architecte\",\"description\":\"Agence d\u2019architecture environnementale \u00e0 projets mixtes\",\"potentialAction\":[{\"@type\":\"SearchAction\",\"target\":{\"@type\":\"EntryPoint\",\"urlTemplate\":\"https:\/\/olivierpalatre.com\/?s={search_term_string}\"},\"query-input\":{\"@type\":\"PropertyValueSpecification\",\"valueRequired\":true,\"valueName\":\"search_term_string\"}}],\"inLanguage\":\"en-US\"}]}<\/script>","yoast_head_json":{"title":"Politique de confidentialit\u00e9 - Olivier Palatre Architecte","robots":{"index":"noindex","follow":"follow"},"og_locale":"en_US","og_type":"article","og_title":"Politique de confidentialit\u00e9 - Olivier Palatre Architecte","og_description":"DONN\u00c9ES PERSONNELLES D\u00e9finitions L'\u00c9diteur : La personne, physique ou morale, qui \u00e9dite les services de communication au public en ligne.Le Site : L'ensemble des sites, pages Internet et services en ligne propos\u00e9s par l'\u00c9diteur.L'Utilisateur : La personne utilisant le Site et les services. 1- Nature des donn\u00e9es collect\u00e9es Dans le cadre de l'utilisation des Sites, [&hellip;]","og_url":"https:\/\/olivierpalatre.com\/en\/politique-de-confidentialite\/","og_site_name":"Olivier Palatre Architecte","article_publisher":"https:\/\/www.facebook.com\/Olivier-Palatre-Architectes-300975431028","article_modified_time":"2021-09-01T12:05:51+00:00","og_image":[{"width":1920,"height":1080,"url":"https:\/\/olivierpalatre.com\/wp-content\/uploads\/2021\/07\/olivier-palatre-architecte-v3.jpg","type":"image\/jpeg"}],"twitter_card":"summary_large_image","twitter_site":"@olivierpalatre","twitter_misc":{"Est. reading time":"8 minutes"},"schema":{"@context":"https:\/\/schema.org","@graph":[{"@type":"WebPage","@id":"https:\/\/olivierpalatre.com\/en\/politique-de-confidentialite\/","url":"https:\/\/olivierpalatre.com\/en\/politique-de-confidentialite\/","name":"Politique de confidentialit\u00e9 - Olivier Palatre Architecte","isPartOf":{"@id":"https:\/\/olivierpalatre.com\/#website"},"datePublished":"2021-09-01T12:05:46+00:00","dateModified":"2021-09-01T12:05:51+00:00","breadcrumb":{"@id":"https:\/\/olivierpalatre.com\/en\/politique-de-confidentialite\/#breadcrumb"},"inLanguage":"en-US","potentialAction":[{"@type":"ReadAction","target":["https:\/\/olivierpalatre.com\/en\/politique-de-confidentialite\/"]}]},{"@type":"BreadcrumbList","@id":"https:\/\/olivierpalatre.com\/en\/politique-de-confidentialite\/#breadcrumb","itemListElement":[{"@type":"ListItem","position":1,"name":"Accueil","item":"https:\/\/olivierpalatre.com\/en\/"},{"@type":"ListItem","position":2,"name":"Politique de confidentialit\u00e9"}]},{"@type":"WebSite","@id":"https:\/\/olivierpalatre.com\/#website","url":"https:\/\/olivierpalatre.com\/","name":"Olivier Palatre Architecte","description":"Agence d\u2019architecture environnementale \u00e0 projets mixtes","potentialAction":[{"@type":"SearchAction","target":{"@type":"EntryPoint","urlTemplate":"https:\/\/olivierpalatre.com\/?s={search_term_string}"},"query-input":{"@type":"PropertyValueSpecification","valueRequired":true,"valueName":"search_term_string"}}],"inLanguage":"en-US"}]}},"_links":{"self":[{"href":"https:\/\/olivierpalatre.com\/en\/wp-json\/wp\/v2\/pages\/3739","targetHints":{"allow":["GET"]}}],"collection":[{"href":"https:\/\/olivierpalatre.com\/en\/wp-json\/wp\/v2\/pages"}],"about":[{"href":"https:\/\/olivierpalatre.com\/en\/wp-json\/wp\/v2\/types\/page"}],"author":[{"embeddable":true,"href":"https:\/\/olivierpalatre.com\/en\/wp-json\/wp\/v2\/users\/1"}],"replies":[{"embeddable":true,"href":"https:\/\/olivierpalatre.com\/en\/wp-json\/wp\/v2\/comments?post=3739"}],"version-history":[{"count":3,"href":"https:\/\/olivierpalatre.com\/en\/wp-json\/wp\/v2\/pages\/3739\/revisions"}],"predecessor-version":[{"id":3742,"href":"https:\/\/olivierpalatre.com\/en\/wp-json\/wp\/v2\/pages\/3739\/revisions\/3742"}],"wp:attachment":[{"href":"https:\/\/olivierpalatre.com\/en\/wp-json\/wp\/v2\/media?parent=3739"}],"curies":[{"name":"wp","href":"https:\/\/api.w.org\/{rel}","templated":true}]}}